{"id":655,"date":"2025-04-28T20:46:40","date_gmt":"2025-04-28T20:46:40","guid":{"rendered":"https:\/\/vaylanvarrenkylase.wixsite.com\/kylaseura\/about-4"},"modified":"2025-08-08T21:47:10","modified_gmt":"2025-08-08T21:47:10","slug":"kylayhdistyksen-saannot","status":"publish","type":"page","link":"https:\/\/www.vaylanvarrenkylaseura.fi\/index.php\/kylayhdistyksen-saannot\/","title":{"rendered":"Kyl\u00e4yhdistyksen s\u00e4\u00e4nn\u00f6t"},"content":{"rendered":"\n<p><\/p>\n\n\n\n<p>Kyl\u00e4yhdistyksen s\u00e4\u00e4nn\u00f6t<\/p>\n\n\n\n<p>Hyv\u00e4ksytty vuosikokouksessa 1.9.2019<\/p>\n\n\n\n<p>V\u00e4yl\u00e4nvarren kyl\u00e4seura ry s\u00e4\u00e4nn\u00f6t<\/p>\n\n\n\n<p>1. Yhdistyksen nimi ja kotipaikka<\/p>\n\n\n\n<p>Yhdistyksen nimi V\u00e4yl\u00e4nvarren kyl\u00e4seura ry ja kotipaikka on Kolari.&nbsp;<\/p>\n\n\n\n<p>Toiminta-alueena on Lappean, Hietasen, V\u00e4yl\u00e4np\u00e4\u00e4n ja Kallioniemen kyl\u00e4t Lappeantien varressa.<\/p>\n\n\n\n<p>2. Tarkoitus ja toiminnan laatu<\/p>\n\n\n\n<p>Yhdistyksen tarkoituksena on:<\/p>\n\n\n\n<p>\u2013 edist\u00e4\u00e4 kylien vakinaisten ja vapaa-ajan asukkaiden viihtyvyytt\u00e4 sek\u00e4 lis\u00e4t\u00e4 alueen harrastus- ja kulttuuritoiminnan mahdollisuuksia<br>\u2013 lis\u00e4t\u00e4 alueen asukkaiden yhteisty\u00f6t\u00e4<br>\u2013 toimia alueen asukkaiden yleisten ja yhteisten etujen valvojana&nbsp;<\/p>\n\n\n\n<p>\u2013 edist\u00e4\u00e4 palveluiden s\u00e4ilymist\u00e4 alueella<br>\u2013 lis\u00e4t\u00e4 alueen elinkelpoisuutta<br>\u2013 edist\u00e4\u00e4 kylille muuttavien asukkaiden asettumista alueelle&nbsp;<\/p>\n\n\n\n<p>Tarkoituksensa toteuttamiseksi yhdistys:<\/p>\n\n\n\n<p>\u2013 j\u00e4rjest\u00e4\u00e4 erilaisia kulttuuritilaisuuksia, juhlia, kilpailuja, markkinoita, kyl\u00e4iltoja ja muuta kyl\u00e4l\u00e4isten yhteistoimintaa<\/p>\n\n\n\n<p>\u2013 osallistuu aluetta koskevaan suunnitteluun ja pyrkii vaikuttamaan alueen kannalta my\u00f6nteiseen p\u00e4\u00e4t\u00f6ksentekoon eri organisaatioissa<br>\u2013 tekee aloitteita ja esityksi\u00e4, antaa lausuntoja viranomaisille ja muille j\u00e4rjest\u00f6ille sek\u00e4 osallistuu alueen kehitt\u00e4mistoiminnan suunnitteluun ja toteutukseen<br>\u2013 toteuttaa alueen elinkelpoisuutta, sen asukkaiden viihtyvyytt\u00e4 ja hyvinvointia sek\u00e4 palveluiden s\u00e4ilytt\u00e4misen ja luomisen yleisi\u00e4 edellytyksi\u00e4 edist\u00e4vi\u00e4 hankkeita ja toimenpiteit\u00e4<\/p>\n\n\n\n<p>&nbsp;\u2013 tiedottaa toiminnastaan&nbsp;<\/p>\n\n\n\n<p>\u2013 on tarvittaessa yhteisty\u00f6ss\u00e4 muiden kyl\u00e4toimikuntien ja -yhdistysten kanssa&nbsp;<\/p>\n\n\n\n<p>\u2013 Yhdistys voi liitty\u00e4 rekister\u00f6idyksi j\u00e4seneksi kylien yhteisty\u00f6t\u00e4 ja toimintaa edist\u00e4viin yhdistyksiin&nbsp;<\/p>\n\n\n\n<p>Toimintansa tukemiseksi yhdistys voi asianmukaisen luvan saatuaan toimeenpanna arpajaisia ja myyj\u00e4isi\u00e4 sek\u00e4 huutokauppoja ja rahanker\u00e4yksi\u00e4 sek\u00e4 harjoittaa sellaista elinkeinoa tai ansiotoimintaa, joka kytkeytyy v\u00e4litt\u00f6m\u00e4sti s\u00e4\u00e4nn\u00f6iss\u00e4 m\u00e4\u00e4r\u00e4tyn tarkoituksen toteuttamiseen. Yhdistys voi ottaa vastaan testamentteja ja lahjoituksia sek\u00e4 omistaa ja hallita toimintaansa varten tarpeellista kiinte\u00e4\u00e4 ja irtainta omaisuutta.<\/p>\n\n\n\n<p>Yhdistys on puoluepoliittisesti sitoutumaton.<\/p>\n\n\n\n<p>3. J\u00e4senet<\/p>\n\n\n\n<p>Yhdistykseen j\u00e4seneksi voi liitty\u00e4 jokainen, joka hyv\u00e4ksyy yhdistyksen tarkoituksen ja s\u00e4\u00e4nn\u00f6t. J\u00e4senet hyv\u00e4ksyy hakemuksesta yhdistyksen hallitus.<\/p>\n\n\n\n<p>4. Liittymis- ja j\u00e4senmaksu<\/p>\n\n\n\n<p>J\u00e4senilt\u00e4 peritt\u00e4v\u00e4n vuotuisen j\u00e4senmaksun suuruudesta p\u00e4\u00e4tt\u00e4\u00e4 vuosikokous.<\/p>\n\n\n\n<p>5. Hallitus<\/p>\n\n\n\n<p>Yhdistyksen asioita hoitaa hallitus, johon kuuluu vuosikokouksessa valitut puheenjohtaja ja 5-7 muuta varsinaista j\u00e4sent\u00e4 sek\u00e4 0-4 varaj\u00e4sent\u00e4. Hallituksen toimikausi on vuosikokousten v\u00e4linen aika. Hallitus valitsee keskuudestaan varapuheenjohtajan sek\u00e4 ottaa keskuudestaan tai ulkopuoleltaan sihteerin, rahastonhoitajan ja muut tarvittavat toimihenkil\u00f6t. Hallitus kokoontuu puheenjohtajan tai h\u00e4nen estyneen\u00e4 ollessaan varapuheenjohtajan kutsusta, kun he katsovat siihen olevan aihetta tai kun v\u00e4hint\u00e4\u00e4n puolet hallituksen j\u00e4senist\u00e4 sit\u00e4 vaatii. Hallitus on p\u00e4\u00e4t\u00f6svaltainen, kun v\u00e4hint\u00e4\u00e4n puolet sen j\u00e4senist\u00e4, puheenjohtaja tai varapuheenjohtaja mukaan luettuna on l\u00e4sn\u00e4. \u00c4\u00e4nestykset ratkaistaan ehdottomalla \u00e4\u00e4ntenenemmist\u00f6ll\u00e4. \u00c4\u00e4nten menness\u00e4 tasan ratkaisee puheenjohtajan \u00e4\u00e4ni, vaaleissa kuitenkin arpa.<\/p>\n\n\n\n<p>6. Yhdistyksen nimen kirjoittaminen<\/p>\n\n\n\n<p>Yhdistyksen nimen kirjoittaa hallituksen puheenjohtaja, varapuheenjohtaja, sihteeri tai rahastonhoitaja, kukin yksin.<\/p>\n\n\n\n<p>7. Tilikausi<\/p>\n\n\n\n<p>Yhdistyksen tilikausi on kalenterivuosi.<\/p>\n\n\n\n<p>8. Yhdistyksen kokoukset<\/p>\n\n\n\n<p>Yhdistyksen kokoukseen voidaan osallistua hallituksen tai yhdistyksen kokouksen niin p\u00e4\u00e4tt\u00e4ess\u00e4 my\u00f6s postitse taikka tietoliikenneyhteyden tai muun teknisen apuv\u00e4lineen avulla kokouksen aikana tai ennen kokousta. Yhdistyksen vuosikokous pidet\u00e4\u00e4n vuosittain hallituksen m\u00e4\u00e4r\u00e4\u00e4m\u00e4n\u00e4 p\u00e4iv\u00e4n\u00e4 tammi-toukokuussa. Yhdistyksen kokouksissa on jokaisella j\u00e4senell\u00e4 yksi \u00e4\u00e4ni. Yhdistyksen kokouksen p\u00e4\u00e4t\u00f6kseksi tulee, ellei s\u00e4\u00e4nn\u00f6iss\u00e4 ole toisin m\u00e4\u00e4r\u00e4tty, se mielipide, jota on kannattanut yli puolet annetuista \u00e4\u00e4nist\u00e4. \u00c4\u00e4nten menness\u00e4 tasan ratkaisee kokouksen puheenjohtajan \u00e4\u00e4ni, vaaleissa kuitenkin arpa.<\/p>\n\n\n\n<p>9. Yhdistyksen kokousten koollekutsuminen<\/p>\n\n\n\n<p>Hallituksen on kutsuttava yhdistyksen kokoukset koolle v\u00e4hint\u00e4\u00e4n seitsem\u00e4n vuorokautta ennen kokousta j\u00e4senille postitetuilla kirjeill\u00e4, tekstiviesteill\u00e4 tai s\u00e4hk\u00f6postitse.<\/p>\n\n\n\n<p>10. Vuosikokous<\/p>\n\n\n\n<p>Yhdistyksen vuosikokouksessa k\u00e4sitell\u00e4\u00e4n seuraavat asiat:<\/p>\n\n\n\n<p>1. kokouksen avaus<\/p>\n\n\n\n<p>2. valitaan kokouksen puheenjohtaja, sihteeri, kaksi p\u00f6yt\u00e4kirjantarkastajaa ja tarvittaessa kaksi \u00e4\u00e4ntenlaskijaa<\/p>\n\n\n\n<p>3. todetaan kokouksen laillisuus ja p\u00e4\u00e4t\u00f6svaltaisuus<\/p>\n\n\n\n<p>4. hyv\u00e4ksyt\u00e4\u00e4n kokouksen ty\u00f6j\u00e4rjestys<\/p>\n\n\n\n<p>5. esitet\u00e4\u00e4n tilinp\u00e4\u00e4t\u00f6s, vuosikertomus ja toiminnantarkastajien\/tilintarkastajien lausunto<\/p>\n\n\n\n<p>6. p\u00e4\u00e4tet\u00e4\u00e4n tilinp\u00e4\u00e4t\u00f6ksen vahvistamisesta ja vastuuvapauden my\u00f6nt\u00e4misest\u00e4 hallitukselle ja muille vastuuvelvollisille<\/p>\n\n\n\n<p>7. vahvistetaan toimintasuunnitelma, tulo- ja menoarvio sek\u00e4 liittymis- ja j\u00e4senmaksun suuruus<\/p>\n\n\n\n<p>8. valitaan hallituksen puheenjohtaja ja muut j\u00e4senet<\/p>\n\n\n\n<p>9. valitaan yksi tai kaksi toiminnantarkastajaa ja&nbsp;<\/p>\n\n\n\n<p>10. k\u00e4sitell\u00e4\u00e4n muut kokouskutsussa mainitut asiat.<\/p>\n\n\n\n<p>Mik\u00e4li yhdistyksen j\u00e4sen haluaa saada jonkin asian yhdistyksen vuosikokouksen k\u00e4sitelt\u00e4v\u00e4ksi, on h\u00e4nen ilmoitettava siit\u00e4 kirjallisesti hallitukselle niin hyviss\u00e4 ajoin, ett\u00e4 asia voidaan sis\u00e4llytt\u00e4\u00e4 kokouskutsuun.<\/p>\n\n\n\n<p>11. S\u00e4\u00e4nt\u00f6jen muuttaminen ja yhdistyksen purkaminen<\/p>\n\n\n\n<p>P\u00e4\u00e4t\u00f6s s\u00e4\u00e4nt\u00f6jen muuttamisesta ja yhdistyksen purkamisesta on teht\u00e4v\u00e4 yhdistyksen kokouksessa v\u00e4hint\u00e4\u00e4n kolmen nelj\u00e4sosan (3\/4) enemmist\u00f6ll\u00e4 annetuista \u00e4\u00e4nist\u00e4. Kokouskutsussa on mainittava s\u00e4\u00e4nt\u00f6jen muuttamisesta tai yhdistyksen purkamisesta. Yhdistyksen purkautuessa k\u00e4ytet\u00e4\u00e4n yhdistyksen varat yhdistyksen tarkoituksen edist\u00e4miseen purkamisesta p\u00e4\u00e4tt\u00e4v\u00e4n kokouksen m\u00e4\u00e4r\u00e4\u00e4m\u00e4ll\u00e4 tavalla. Yhdistyksen tullessa lakkautetuksi k\u00e4ytet\u00e4\u00e4n sen varat samaan tarkoitukseen.<\/p>\n\n\n\n<p><\/p>\n","protected":false},"excerpt":{"rendered":"<p>Kyl\u00e4yhdistyksen s\u00e4\u00e4nn\u00f6t Hyv\u00e4ksytty vuosikokouksessa 1.9.2019 V\u00e4yl\u00e4nvarren kyl\u00e4seura ry s\u00e4\u00e4nn\u00f6t 1. Yhdistyksen nimi ja kotipaikka Yhdistyksen nimi V\u00e4yl\u00e4nvarren kyl\u00e4seura ry ja kotipaikka on Kolari.&nbsp; Toiminta-alueena on Lappean, Hietasen, V\u00e4yl\u00e4np\u00e4\u00e4n ja Kallioniemen kyl\u00e4t Lappeantien varressa. 2. Tarkoitus ja toiminnan laatu Yhdistyksen tarkoituksena on: \u2013 edist\u00e4\u00e4 kylien vakinaisten ja vapaa-ajan asukkaiden viihtyvyytt\u00e4 sek\u00e4 lis\u00e4t\u00e4 alueen harrastus- ja kulttuuritoiminnan [&hellip;]<\/p>\n","protected":false},"author":1,"featured_media":0,"parent":0,"menu_order":0,"comment_status":"closed","ping_status":"closed","template":"","meta":{"footnotes":""},"class_list":["post-655","page","type-page","status-publish","hentry"],"_links":{"self":[{"href":"https:\/\/www.vaylanvarrenkylaseura.fi\/index.php\/wp-json\/wp\/v2\/pages\/655","targetHints":{"allow":["GET"]}}],"collection":[{"href":"https:\/\/www.vaylanvarrenkylaseura.fi\/index.php\/wp-json\/wp\/v2\/pages"}],"about":[{"href":"https:\/\/www.vaylanvarrenkylaseura.fi\/index.php\/wp-json\/wp\/v2\/types\/page"}],"author":[{"embeddable":true,"href":"https:\/\/www.vaylanvarrenkylaseura.fi\/index.php\/wp-json\/wp\/v2\/users\/1"}],"replies":[{"embeddable":true,"href":"https:\/\/www.vaylanvarrenkylaseura.fi\/index.php\/wp-json\/wp\/v2\/comments?post=655"}],"version-history":[{"count":1,"href":"https:\/\/www.vaylanvarrenkylaseura.fi\/index.php\/wp-json\/wp\/v2\/pages\/655\/revisions"}],"predecessor-version":[{"id":984,"href":"https:\/\/www.vaylanvarrenkylaseura.fi\/index.php\/wp-json\/wp\/v2\/pages\/655\/revisions\/984"}],"wp:attachment":[{"href":"https:\/\/www.vaylanvarrenkylaseura.fi\/index.php\/wp-json\/wp\/v2\/media?parent=655"}],"curies":[{"name":"wp","href":"https:\/\/api.w.org\/{rel}","templated":true}]}}