{"id":963,"date":"2025-04-28T20:46:40","date_gmt":"2025-04-28T20:46:40","guid":{"rendered":"https:\/\/vaylanvarrenkylase.wixsite.com\/kylaseura"},"modified":"2025-04-28T20:46:40","modified_gmt":"2025-04-28T20:46:40","slug":"etusivu-2","status":"publish","type":"page","link":"https:\/\/www.vaylanvarrenkylaseura.fi\/","title":{"rendered":"V\u00e4yl\u00e4nvarren kyl\u00e4seura"},"content":{"rendered":"\n<div class=\"wp-block-cover alignfull is-light has-background-color has-text-color has-link-color wp-elements-7b49b8fefa692cfa2110e2c132a01d5c\"><img decoding=\"async\" class=\"wp-block-cover__image-background wp-image-8\" alt=\"\" src=\"https:\/\/vaylanvarrenkylaseura.wordpress.com\/wp-content\/uploads\/2025\/04\/94cdc-f72555_8bc226e2d3a845c294ceafe5ce0f92b7mv2.jpg\" data-object-fit=\"cover\" \/><span aria-hidden=\"true\" class=\"wp-block-cover__background has-background-dim\"><\/span><div class=\"wp-block-cover__inner-container is-layout-flow wp-block-cover-is-layout-flow\">\n<h1 class=\"wp-block-heading has-text-align-left has-foreground-color has-text-color has-link-color wp-elements-943b66d195a7d9ae6e7ddbf5a71681d3\">Kyl\u00e4t Tornion-Muonionjoen varressa<\/h1>\n\n\n\n<p class=\"has-foreground-color has-text-color has-link-color wp-elements-4753ab2aef0474435c3ad66a2f1b9404\">Tervetuloa V\u00e4yl\u00e4nvarren Kyl\u00e4seuran kotisivuille!<\/p>\n<\/div><\/div>\n\n\n\n<a class=\"wp-block-jetpack-google-calendar\"><\/a>\n\n\n\n<p><\/p>\n\n\n\n<div class=\"wp-block-cover alignfull is-light\"><img decoding=\"async\" class=\"wp-block-cover__image-background wp-image-9\" alt=\"\" src=\"https:\/\/vaylanvarrenkylaseura.wordpress.com\/wp-content\/uploads\/2025\/04\/e45fe-f72555_fcfca3fc4702486ba311d8ca198ffe00mv2.jpg\" data-object-fit=\"cover\" \/><span aria-hidden=\"true\" class=\"wp-block-cover__background has-background-dim\"><\/span><div class=\"wp-block-cover__inner-container is-layout-flow wp-block-cover-is-layout-flow\">\n<h2 class=\"wp-block-heading has-foreground-color has-text-color has-link-color wp-elements-b986b625ca8a9a48bc2387bfbefd3382\">Tietoa<\/h2>\n\n\n\n<p class=\"has-foreground-color has-text-color has-link-color wp-elements-c758e7893fb49b27fe5d01d570d5717e\">V\u00e4yl\u00e4nvarren kyl\u00e4seuraan kuuluvat kyl\u00e4t Pellon rajalta Kolarin kirkonkyl\u00e4lle, Kallioniemi, V\u00e4yl\u00e4np\u00e4\u00e4, Hietanen ja Lappea Tornion-Muonionjoen varressa.<\/p>\n\n\n\n<p class=\"has-foreground-color has-text-color has-link-color wp-elements-1d7b33ea423d65cad07fa8db22fdbf70\">Tornionjoki 510 km ja siihen laskeva Muonionjoki 387 km ovat Euroopan Unionin parhaiten s\u00e4ilyneit\u00e4 lohijokia. Joet ovat Naturassa Suomessa FI1301912 ja Ruotsissa SE0820430. Jokiin nousevalla me\u00e4n lohella on ollut t\u00e4rke\u00e4 osa ihmisten el\u00e4m\u00e4\u00e4 siit\u00e4 asti kun Lappi on asutettu.<\/p>\n<\/div><\/div>\n\n\n\n<figure class=\"wp-block-image size-large\"><img decoding=\"async\" src=\"https:\/\/vaylanvarrenkylaseura.wordpress.com\/wp-content\/uploads\/2025\/04\/vaylanvarren_kylaseura_merkki_vaaka_transparent2.png?w=832\" alt=\"\" class=\"wp-image-917\" \/><\/figure>\n\n\n\n<p><\/p>\n\n\n\n<p><\/p>\n","protected":false},"excerpt":{"rendered":"","protected":false},"author":1,"featured_media":0,"parent":0,"menu_order":0,"comment_status":"closed","ping_status":"closed","template":"","meta":{"footnotes":""},"class_list":["post-963","page","type-page","status-publish","hentry"],"_links":{"self":[{"href":"https:\/\/www.vaylanvarrenkylaseura.fi\/index.php\/wp-json\/wp\/v2\/pages\/963","targetHints":{"allow":["GET"]}}],"collection":[{"href":"https:\/\/www.vaylanvarrenkylaseura.fi\/index.php\/wp-json\/wp\/v2\/pages"}],"about":[{"href":"https:\/\/www.vaylanvarrenkylaseura.fi\/index.php\/wp-json\/wp\/v2\/types\/page"}],"author":[{"embeddable":true,"href":"https:\/\/www.vaylanvarrenkylaseura.fi\/index.php\/wp-json\/wp\/v2\/users\/1"}],"replies":[{"embeddable":true,"href":"https:\/\/www.vaylanvarrenkylaseura.fi\/index.php\/wp-json\/wp\/v2\/comments?post=963"}],"version-history":[{"count":0,"href":"https:\/\/www.vaylanvarrenkylaseura.fi\/index.php\/wp-json\/wp\/v2\/pages\/963\/revisions"}],"wp:attachment":[{"href":"https:\/\/www.vaylanvarrenkylaseura.fi\/index.php\/wp-json\/wp\/v2\/media?parent=963"}],"curies":[{"name":"wp","href":"https:\/\/api.w.org\/{rel}","templated":true}]}}